{"id":2552,"date":"2023-04-06T14:36:20","date_gmt":"2023-04-06T14:36:20","guid":{"rendered":"https:\/\/smeetsagroconsultancy.nl\/referenties\/"},"modified":"2026-05-12T12:37:33","modified_gmt":"2026-05-12T12:37:33","slug":"referenties","status":"publish","type":"page","link":"https:\/\/smeetsagroconsultancy.nl\/de\/referenties\/","title":{"rendered":"Referenzen"},"content":{"rendered":"<section class=\"banner px-4 lg:px-0\"\n         style=\"background-image: linear-gradient(rgba(22, 27, 39, 0.4), rgba(22, 27, 39, 0.4)), url(https:\/\/smeetsagroconsultancy.nl\/app\/uploads\/2023\/04\/smeets-header-banner.jpg); background-position:center; background-size:cover;\">\n  <div class=\"container px-4 mx-auto flex flex-wrap h-full\">\n    <div class=\"banner__textwrapper text-left flex flex-col justify-center w-full py-8 md:py-28 max-h-full\">\n              <h1 class=\"banner__title text-center xl:text\" style=\"font-size: 4rem;\">Referenzen<\/h1>\n                      <\/div>\n  <\/div>\n<\/section>\n\n\n<style>\n  \n\n@media  screen and (min-width: 768px) {\n  .banner {\n    min-height:35vh;\n    display: flex;\n    align-items: center;\n  }\n    .banner__title,\n    .banner__subtitle {\n      text-align: center;\n    }\n\n    .banner__link {\n      justify-content: center;\n    }\n\n    .banner__textwrapper {\n      flex-basis: 100%;\n    }\n  }\n\n  @media  screen and (max-width: 1023px) {\n  \/*  .banner__title {\n      font-size: vmax!important;\n    }*\/\n    .banner {\n      height: fit-content;\n    }\n  }\n\n  @media  screen and (max-width: 575px) {\n    .banner__title {\n      font-size: 3vmax!important;\n    }\n  }\n<\/style>\n\n\n<section class=\"textonly-block mx-auto px-8 md:px-0 lg:px-0 py-8 lg:py-20\"\n    style=\"background-color: #ffffff;\">\n    <div class=\"textonly-block__wrapper__titles pb-8 lg:pb-0\">\n                    <\/div>\n    <div class=\"full-width-container container mx-auto flex flex-wrap lg:flex-nowrap h-full justify-center\"\n        style=\"gap:5%;\">\n\n                    \n            <div\n                class=\"textmedia-block__textwrapper block-6a086e5bdb405 text-left list-disc flex flex-col justify-center w-full md:max-w-2xl\">\n                                                                    <h4>Smeets Agroconsultancy hat in den letzten Jahren f\u00fcr folgende Unternehmen gearbeitet:<\/h4>\n<ul>\n<li>Leune Baumz\u00fcchter, Hazerswoude<\/li>\n<li>Mts. Lucassen, Afferden<\/li>\n<li>Baumschule Denissen, Zundert<\/li>\n<li>Van Montfort Obstb\u00e4ume, Bergeijk<\/li>\n<li>Van Eyken Baumz\u00fcchter, Eersel.<\/li>\n<\/ul>\n<p>&nbsp;<\/p>\n<p>&nbsp;<\/p>\n<h4>Smeets Agroconsultancy hat in den letzten Jahren an folgenden Projekten mitgewirkt:<\/h4>\n<ul>\n<li>Praxis-Netzwerk Nachhaltige Behandlung von Krankheiten, Sch\u00e4dlingen und Unkraut (im Rahmen der Regelung \u201ePraxis-Netzwerke\u201c);<\/li>\n<li>Praxis-Netzwerk Steinmehl<\/li>\n<li>\u201eNachhaltiger Anbau, gesunde Produkte Limburg\u201c, im Rahmen von POP3 Limburg<\/li>\n<li>\u201eSchoon Water Brabant\u201c<\/li>\n<li>Praxis-Netzwerk Weihnachtsb\u00e4ume<\/li>\n<li>Bodenprojekt D\u00e4nemark im Auftrag des d\u00e4nischen Baumz\u00fcchterverbands<\/li>\n<li>Nachhaltiger Anbau, gesunde Produkte in Limburg<\/li>\n<li><a href=\"https:\/\/northsearegion.eu\/soilcom\/\">Interreg-Projekt Soilcom, ein besserer Boden mit gutem Kompost<\/a><\/li>\n<\/ul>\n\n                                            <\/div>\n            <style>\n                .block-6a086e5bdb405 p {\n                    text-align: left;\n                }\n            <\/style>\n        \n    <\/div>\n<\/section>\n","protected":false},"excerpt":{"rendered":"","protected":false},"author":10,"featured_media":0,"parent":0,"menu_order":22,"comment_status":"closed","ping_status":"closed","template":"","meta":{"inline_featured_image":false,"footnotes":""},"acf":[],"yoast_head":"<!-- This site is optimized with the Yoast SEO plugin v20.13 - https:\/\/yoast.com\/wordpress\/plugins\/seo\/ -->\n<title>Referenzen - Smeets Agro Consultancy BV<\/title>\n<meta name=\"robots\" content=\"index, follow, max-snippet:-1, max-image-preview:large, max-video-preview:-1\" \/>\n<link rel=\"canonical\" href=\"https:\/\/smeetsagroconsultancy.nl\/referenties\/\" \/>\n<meta property=\"og:locale\" content=\"de_DE\" \/>\n<meta property=\"og:type\" content=\"article\" \/>\n<meta property=\"og:title\" content=\"Referenzen - Smeets Agro Consultancy BV\" \/>\n<meta property=\"og:url\" content=\"https:\/\/smeetsagroconsultancy.nl\/referenties\/\" \/>\n<meta property=\"og:site_name\" content=\"Smeets Agro Consultancy BV\" \/>\n<meta property=\"article:modified_time\" content=\"2026-05-12T12:37:33+00:00\" \/>\n<meta property=\"og:image\" content=\"https:\/\/smeetsagroconsultancy.nl\/app\/uploads\/2024\/03\/Smeets-Agro-Consultancy-x-logo-1024x591.png\" \/>\n\t<meta property=\"og:image:width\" content=\"1024\" \/>\n\t<meta property=\"og:image:height\" content=\"591\" \/>\n\t<meta property=\"og:image:type\" content=\"image\/png\" \/>\n<meta name=\"twitter:card\" content=\"summary_large_image\" \/>\n<script type=\"application\/ld+json\" class=\"yoast-schema-graph\">{\"@context\":\"https:\/\/schema.org\",\"@graph\":[{\"@type\":\"WebPage\",\"@id\":\"https:\/\/smeetsagroconsultancy.nl\/referenties\/\",\"url\":\"https:\/\/smeetsagroconsultancy.nl\/referenties\/\",\"name\":\"Referenzen - Smeets Agro Consultancy BV\",\"isPartOf\":{\"@id\":\"https:\/\/smeetsagroconsultancy.nl\/#website\"},\"datePublished\":\"2023-04-06T14:36:20+00:00\",\"dateModified\":\"2026-05-12T12:37:33+00:00\",\"breadcrumb\":{\"@id\":\"https:\/\/smeetsagroconsultancy.nl\/referenties\/#breadcrumb\"},\"inLanguage\":\"de-DE\",\"potentialAction\":[{\"@type\":\"ReadAction\",\"target\":[\"https:\/\/smeetsagroconsultancy.nl\/referenties\/\"]}]},{\"@type\":\"BreadcrumbList\",\"@id\":\"https:\/\/smeetsagroconsultancy.nl\/referenties\/#breadcrumb\",\"itemListElement\":[{\"@type\":\"ListItem\",\"position\":1,\"name\":\"Home\",\"item\":\"https:\/\/smeetsagroconsultancy.nl\/\"},{\"@type\":\"ListItem\",\"position\":2,\"name\":\"Referenzen\"}]},{\"@type\":\"WebSite\",\"@id\":\"https:\/\/smeetsagroconsultancy.nl\/#website\",\"url\":\"https:\/\/smeetsagroconsultancy.nl\/\",\"name\":\"Smeets Agro Consultancy BV\",\"description\":\"Expert op het gebied van bodemverbetering\",\"publisher\":{\"@id\":\"https:\/\/smeetsagroconsultancy.nl\/#organization\"},\"alternateName\":\"Bodemonderzoek en analyse\",\"potentialAction\":[{\"@type\":\"SearchAction\",\"target\":{\"@type\":\"EntryPoint\",\"urlTemplate\":\"https:\/\/smeetsagroconsultancy.nl\/?s={search_term_string}\"},\"query-input\":\"required name=search_term_string\"}],\"inLanguage\":\"de-DE\"},{\"@type\":\"Organization\",\"@id\":\"https:\/\/smeetsagroconsultancy.nl\/#organization\",\"name\":\"Smeets Agro Consultancy BV\",\"url\":\"https:\/\/smeetsagroconsultancy.nl\/\",\"logo\":{\"@type\":\"ImageObject\",\"inLanguage\":\"de-DE\",\"@id\":\"https:\/\/smeetsagroconsultancy.nl\/#\/schema\/logo\/image\/\",\"url\":\"https:\/\/smeetsagroconsultancy.nl\/app\/uploads\/2023\/04\/L_SmeetsAgroC_rgb.png\",\"contentUrl\":\"https:\/\/smeetsagroconsultancy.nl\/app\/uploads\/2023\/04\/L_SmeetsAgroC_rgb.png\",\"width\":719,\"height\":279,\"caption\":\"Smeets Agro Consultancy BV\"},\"image\":{\"@id\":\"https:\/\/smeetsagroconsultancy.nl\/#\/schema\/logo\/image\/\"}}]}<\/script>\n<!-- \/ Yoast SEO plugin. -->","yoast_head_json":{"title":"Referenzen - Smeets Agro Consultancy BV","robots":{"index":"index","follow":"follow","max-snippet":"max-snippet:-1","max-image-preview":"max-image-preview:large","max-video-preview":"max-video-preview:-1"},"canonical":"https:\/\/smeetsagroconsultancy.nl\/referenties\/","og_locale":"de_DE","og_type":"article","og_title":"Referenzen - Smeets Agro Consultancy BV","og_url":"https:\/\/smeetsagroconsultancy.nl\/referenties\/","og_site_name":"Smeets Agro Consultancy BV","article_modified_time":"2026-05-12T12:37:33+00:00","og_image":[{"width":1024,"height":591,"url":"https:\/\/smeetsagroconsultancy.nl\/app\/uploads\/2024\/03\/Smeets-Agro-Consultancy-x-logo-1024x591.png","type":"image\/png"}],"twitter_card":"summary_large_image","schema":{"@context":"https:\/\/schema.org","@graph":[{"@type":"WebPage","@id":"https:\/\/smeetsagroconsultancy.nl\/referenties\/","url":"https:\/\/smeetsagroconsultancy.nl\/referenties\/","name":"Referenzen - Smeets Agro Consultancy BV","isPartOf":{"@id":"https:\/\/smeetsagroconsultancy.nl\/#website"},"datePublished":"2023-04-06T14:36:20+00:00","dateModified":"2026-05-12T12:37:33+00:00","breadcrumb":{"@id":"https:\/\/smeetsagroconsultancy.nl\/referenties\/#breadcrumb"},"inLanguage":"de-DE","potentialAction":[{"@type":"ReadAction","target":["https:\/\/smeetsagroconsultancy.nl\/referenties\/"]}]},{"@type":"BreadcrumbList","@id":"https:\/\/smeetsagroconsultancy.nl\/referenties\/#breadcrumb","itemListElement":[{"@type":"ListItem","position":1,"name":"Home","item":"https:\/\/smeetsagroconsultancy.nl\/"},{"@type":"ListItem","position":2,"name":"Referenzen"}]},{"@type":"WebSite","@id":"https:\/\/smeetsagroconsultancy.nl\/#website","url":"https:\/\/smeetsagroconsultancy.nl\/","name":"Smeets Agro Consultancy BV","description":"Expert op het gebied van bodemverbetering","publisher":{"@id":"https:\/\/smeetsagroconsultancy.nl\/#organization"},"alternateName":"Bodemonderzoek en analyse","potentialAction":[{"@type":"SearchAction","target":{"@type":"EntryPoint","urlTemplate":"https:\/\/smeetsagroconsultancy.nl\/?s={search_term_string}"},"query-input":"required name=search_term_string"}],"inLanguage":"de-DE"},{"@type":"Organization","@id":"https:\/\/smeetsagroconsultancy.nl\/#organization","name":"Smeets Agro Consultancy BV","url":"https:\/\/smeetsagroconsultancy.nl\/","logo":{"@type":"ImageObject","inLanguage":"de-DE","@id":"https:\/\/smeetsagroconsultancy.nl\/#\/schema\/logo\/image\/","url":"https:\/\/smeetsagroconsultancy.nl\/app\/uploads\/2023\/04\/L_SmeetsAgroC_rgb.png","contentUrl":"https:\/\/smeetsagroconsultancy.nl\/app\/uploads\/2023\/04\/L_SmeetsAgroC_rgb.png","width":719,"height":279,"caption":"Smeets Agro Consultancy BV"},"image":{"@id":"https:\/\/smeetsagroconsultancy.nl\/#\/schema\/logo\/image\/"}}]}},"_links":{"self":[{"href":"https:\/\/smeetsagroconsultancy.nl\/de\/wp-json\/wp\/v2\/pages\/2552"}],"collection":[{"href":"https:\/\/smeetsagroconsultancy.nl\/de\/wp-json\/wp\/v2\/pages"}],"about":[{"href":"https:\/\/smeetsagroconsultancy.nl\/de\/wp-json\/wp\/v2\/types\/page"}],"author":[{"embeddable":true,"href":"https:\/\/smeetsagroconsultancy.nl\/de\/wp-json\/wp\/v2\/users\/10"}],"replies":[{"embeddable":true,"href":"https:\/\/smeetsagroconsultancy.nl\/de\/wp-json\/wp\/v2\/comments?post=2552"}],"version-history":[{"count":9,"href":"https:\/\/smeetsagroconsultancy.nl\/de\/wp-json\/wp\/v2\/pages\/2552\/revisions"}],"predecessor-version":[{"id":2678,"href":"https:\/\/smeetsagroconsultancy.nl\/de\/wp-json\/wp\/v2\/pages\/2552\/revisions\/2678"}],"wp:attachment":[{"href":"https:\/\/smeetsagroconsultancy.nl\/de\/wp-json\/wp\/v2\/media?parent=2552"}],"curies":[{"name":"wp","href":"https:\/\/api.w.org\/{rel}","templated":true}]}}