{"id":2559,"date":"2023-04-06T14:37:01","date_gmt":"2023-04-06T14:37:01","guid":{"rendered":"https:\/\/smeetsagroconsultancy.nl\/in-de-pers\/"},"modified":"2026-02-03T11:13:23","modified_gmt":"2026-02-03T11:13:23","slug":"nachrichten","status":"publish","type":"page","link":"https:\/\/smeetsagroconsultancy.nl\/de\/nachrichten\/","title":{"rendered":"Nachrichten"},"content":{"rendered":"<section class=\"banner px-4 lg:px-0\"\n         style=\"background-image: linear-gradient(rgba(22, 27, 39, 0.4), rgba(22, 27, 39, 0.4)), url(https:\/\/smeetsagroconsultancy.nl\/app\/uploads\/2023\/04\/pexels-greta-hoffman-7728884.jpg); background-position:center; background-size:cover;\">\n  <div class=\"container px-4 mx-auto flex flex-wrap h-full\">\n    <div class=\"banner__textwrapper text-left flex flex-col justify-center w-full py-8 md:py-28 max-h-full\">\n              <h1 class=\"banner__title text-center xl:text\" style=\"font-size: 4rem;\">Nachrichten<\/h1>\n                    <h2 class=\"banner__subtitle text-center pt-4 pb-8\" style=\"font-size: 1rem;\">Publikationen, Innovation und Forschungsergebnisse \n        <\/h2>\n                <\/div>\n  <\/div>\n<\/section>\n\n\n<style>\n  \n\n@media  screen and (min-width: 768px) {\n  .banner {\n    min-height:35vh;\n    display: flex;\n    align-items: center;\n  }\n    .banner__title,\n    .banner__subtitle {\n      text-align: center;\n    }\n\n    .banner__link {\n      justify-content: center;\n    }\n\n    .banner__textwrapper {\n      flex-basis: 100%;\n    }\n  }\n\n  @media  screen and (max-width: 1023px) {\n  \/*  .banner__title {\n      font-size: vmax!important;\n    }*\/\n    .banner {\n      height: fit-content;\n    }\n  }\n\n  @media  screen and (max-width: 575px) {\n    .banner__title {\n      font-size: 3vmax!important;\n    }\n  }\n<\/style>\n\n\n<section class=\"textmedia-block block-69e0723bc714e mx-auto\"\n         style=\"background-color: #ffffff;\">\n  <div class=\"full-width-container container mx-auto flex flex-wrap lg:flex-nowrap py-8 lg:py-20 h-full px-8  gap-x-16 \">\n    <div class=\"textmedia-block__textwrapper text-left list-disc flex flex-col  lg:basis-1\/2  justify-center w-full\" style=\"order:1\">\n\n              <h2 class=\"textmedia-block__title\"\n            style=\"text-align: left;font-size: 1rem;\">Anwendung von gr\u00fcnem Kompost<\/h2>\n                    <h3 class=\"textmedia-block__subtitle mb-5 mt-2\"\n            style=\"text-align: left;font-size: 1.75rem;\">Bodennematoden f\u00fcr ein gesundes Bodenleben<\/h3>\n      \n              <p>Nematoden oder Bodennematoden spielen eine wichtige Rolle im Bodennahrungsnetz. Gute Nematoden, die auf Pilzen, Bakterien und anderen Bodenbewohnern leben, sind in gealtertem Gr\u00fcnkompost voll vorhanden. Mikrosopische Videoaufnahmen zeigen das Verhalten dieser Nematoden&#8230;<\/p>\n\n                    <a href=\"https:\/\/smeetsagroconsultancy.nl\/de\/gesundes-bodenleben\/\" class=\"textmedia-block__link flex my-5\" style=\"justify-content: start\" target=\"\">\n          <button\n            class=\"textmedia-block__button py-3 px-8 rounded-full button_primary\">Weiter lesen&#8230;<\/button>\n        <\/a>\n          <\/div>\n          <div class=\"textmedia-block__imagewrapper flex flex-col lg:basis-1\/2 justify-center py-8 lg:py-0  lg:pl-20 \" style=\"order: 2 \">\n        <img loading=\"lazy\" width=\"2560\" height=\"1709\" src=\"https:\/\/smeetsagroconsultancy.nl\/app\/uploads\/2024\/05\/FotoSweegers_0006275_PP-scaled.jpg\" class=\"textmedia-block__image\" alt=\"F\u00fcr eine gesunde Ernte\" decoding=\"async\" srcset=\"https:\/\/smeetsagroconsultancy.nl\/app\/uploads\/2024\/05\/FotoSweegers_0006275_PP-scaled.jpg 2560w, https:\/\/smeetsagroconsultancy.nl\/app\/uploads\/2024\/05\/FotoSweegers_0006275_PP-300x200.jpg 300w, https:\/\/smeetsagroconsultancy.nl\/app\/uploads\/2024\/05\/FotoSweegers_0006275_PP-1024x684.jpg 1024w, https:\/\/smeetsagroconsultancy.nl\/app\/uploads\/2024\/05\/FotoSweegers_0006275_PP-768x513.jpg 768w, https:\/\/smeetsagroconsultancy.nl\/app\/uploads\/2024\/05\/FotoSweegers_0006275_PP-1536x1025.jpg 1536w, https:\/\/smeetsagroconsultancy.nl\/app\/uploads\/2024\/05\/FotoSweegers_0006275_PP-2048x1367.jpg 2048w\" sizes=\"(max-width: 2560px) 100vw, 2560px\" \/>\n      <\/div>\n      <\/div>\n<\/section>\n<style>\n  .block-69e0723bc714e p {\n    text-align:left;\n  }\n<\/style>\n\n\n<section class=\"textmedia-block block-69e0723bc7eea mx-auto\"\n         style=\"background-color: #ffffff;\">\n  <div class=\"full-width-container container mx-auto flex flex-wrap lg:flex-nowrap py-8 lg:py-20 h-full px-8  gap-x-16 \">\n    <div class=\"textmedia-block__textwrapper text-left list-disc flex flex-col  lg:basis-1\/2  justify-center w-full\" style=\"order:2\">\n\n              <h2 class=\"textmedia-block__title\"\n            style=\"text-align: left;font-size: 1rem;\">Baumschule, August 2020<\/h2>\n                    <h3 class=\"textmedia-block__subtitle mb-5 mt-2\"\n            style=\"text-align: left;font-size: 1.75rem;\">Individuell abgestimmter Kompost kann Bodenprobleme verhindern<\/h3>\n      \n              <p>In dem mehrj\u00e4hrigen europ\u00e4ischen Projekt Soilcom arbeiten Universit\u00e4ten und Fachhochschulen aus f\u00fcnf L\u00e4ndern rund um die Nordsee zusammen: Niederlande, Belgien, Deutschland, D\u00e4nemark und Vereinigtes K\u00f6nigreich. Die Universit\u00e4t \u00c5rhus in D\u00e4nemark leitet das Projekt. Diese Institutionen sind ebenfalls am Projekt beteiligt: die Technische Universit\u00e4t Hamburg-Harburg in Deutschland, das ILVO in Belgien und das James Hutton Institute in Schottland. In den Niederlanden wird die Praxisforschung von Delphy gemeinsam mit Smeets Agro Consultancy und Hessel Marketing &amp; Communications durchgef\u00fchrt.<\/p>\n\n                    <a href=\"\/app\/uploads\/2023\/04\/Compost-mengsel-op-maat.pdf\" class=\"textmedia-block__link flex my-5\" style=\"justify-content: start\" target=\"_blank\">\n          <button\n            class=\"textmedia-block__button py-3 px-8 rounded-full button_primary\">Ganzen Artikel lesen<\/button>\n        <\/a>\n          <\/div>\n          <div class=\"textmedia-block__imagewrapper flex flex-col lg:basis-1\/2 justify-center py-8 lg:py-0  lg:pr-20 \" style=\"order: 1 \">\n        <a alt=\"Download Artikel\" href=\"\/app\/uploads\/2023\/04\/Compost-mengsel-op-maat.pdf\" target=\"_blank\"><img loading=\"lazy\" width=\"1024\" height=\"735\" src=\"https:\/\/smeetsagroconsultancy.nl\/app\/uploads\/2023\/04\/FotoSweegers_0001246_PP_1-1024x735-1.jpg\" class=\"textmedia-block__image\" alt=\"Hans Smeets; Smeets Agro Consultancy;\" decoding=\"async\" srcset=\"https:\/\/smeetsagroconsultancy.nl\/app\/uploads\/2023\/04\/FotoSweegers_0001246_PP_1-1024x735-1.jpg 1024w, https:\/\/smeetsagroconsultancy.nl\/app\/uploads\/2023\/04\/FotoSweegers_0001246_PP_1-1024x735-1-300x215.jpg 300w, https:\/\/smeetsagroconsultancy.nl\/app\/uploads\/2023\/04\/FotoSweegers_0001246_PP_1-1024x735-1-768x551.jpg 768w\" sizes=\"(max-width: 1024px) 100vw, 1024px\" \/><\/a>\n      <\/div>\n      <\/div>\n<\/section>\n<style>\n  .block-69e0723bc7eea p {\n    text-align:left;\n  }\n<\/style>\n\n\n<section class=\"textmedia-block block-69e0723bc8eba mx-auto\"\n         style=\"background-color: #f7f7f8;\">\n  <div class=\"full-width-container container mx-auto flex flex-wrap lg:flex-nowrap py-8 lg:py-20 h-full px-8  gap-x-16 \">\n    <div class=\"textmedia-block__textwrapper text-left list-disc flex flex-col  lg:basis-1\/2  justify-center w-full\" style=\"order:1\">\n\n              <h2 class=\"textmedia-block__title\"\n            style=\"text-align: left;font-size: 1rem;\">Artikel in Agriton<\/h2>\n                    <h3 class=\"textmedia-block__subtitle mb-5 mt-2\"\n            style=\"text-align: left;font-size: 1.75rem;\">Bodenverdichtung f\u00fchrt zu vermindertem Wachstum<\/h3>\n      \n              <p>Bei der Bepflanzung einer Fl\u00e4che mit B\u00e4umen ist es wichtig, den Boden im Vorfeld sorgf\u00e4ltig zu pr\u00fcfen. Dabei sollte die Bewurzelung der Pflanzen, die bereits vor der Pflanzung auf dem Feld stehen, ber\u00fccksichtigt werden. Die Wurzeln der Pflanzen geben oft einen guten Hinweis auf den Zustand der Bodenstruktur und die Qualit\u00e4t der Anbauschicht.<\/p>\n\n                    <a href=\"\/app\/uploads\/2023\/04\/art-Bodemverdichting-zorgt-voor-verminderde-groei-27-03-DEF-1.pdf\" class=\"textmedia-block__link flex my-5\" style=\"justify-content: start\" target=\"_blank\">\n          <button\n            class=\"textmedia-block__button py-3 px-8 rounded-full button_primary\">Download Artikel<\/button>\n        <\/a>\n          <\/div>\n          <div class=\"textmedia-block__imagewrapper flex flex-col lg:basis-1\/2 justify-center py-8 lg:py-0  lg:pl-20 \" style=\"order: 2 \">\n        <a alt=\"Ganzen Artikel lesen\" href=\"\/app\/uploads\/2023\/04\/art-Bodemverdichting-zorgt-voor-verminderde-groei-27-03-DEF-1.pdf\" target=\"_blank\"><img loading=\"lazy\" width=\"2560\" height=\"1920\" src=\"https:\/\/smeetsagroconsultancy.nl\/app\/uploads\/2023\/05\/DSCN2199-scaled.jpg\" class=\"textmedia-block__image\" alt=\"\" decoding=\"async\" srcset=\"https:\/\/smeetsagroconsultancy.nl\/app\/uploads\/2023\/05\/DSCN2199-scaled.jpg 2560w, https:\/\/smeetsagroconsultancy.nl\/app\/uploads\/2023\/05\/DSCN2199-300x225.jpg 300w, https:\/\/smeetsagroconsultancy.nl\/app\/uploads\/2023\/05\/DSCN2199-1024x768.jpg 1024w, https:\/\/smeetsagroconsultancy.nl\/app\/uploads\/2023\/05\/DSCN2199-768x576.jpg 768w, https:\/\/smeetsagroconsultancy.nl\/app\/uploads\/2023\/05\/DSCN2199-1536x1152.jpg 1536w, https:\/\/smeetsagroconsultancy.nl\/app\/uploads\/2023\/05\/DSCN2199-2048x1536.jpg 2048w\" sizes=\"(max-width: 2560px) 100vw, 2560px\" \/><\/a>\n      <\/div>\n      <\/div>\n<\/section>\n<style>\n  .block-69e0723bc8eba p {\n    text-align:left;\n  }\n<\/style>\n\n\n<section class=\"textmedia-block block-69e0723bca539 mx-auto\"\n         style=\"background-color: #ffffff;\">\n  <div class=\"full-width-container container mx-auto flex flex-wrap lg:flex-nowrap py-8 lg:py-20 h-full px-8  gap-x-16 \">\n    <div class=\"textmedia-block__textwrapper text-left list-disc flex flex-col  lg:basis-1\/2  justify-center w-full\" style=\"order:2\">\n\n              <h2 class=\"textmedia-block__title\"\n            style=\"text-align: left;font-size: 1rem;\">Boomkwekerij, april 2021<\/h2>\n                    <h3 class=\"textmedia-block__subtitle mb-5 mt-2\"\n            style=\"text-align: left;font-size: 1.75rem;\">Ein breiterer Blick auf den Boden<\/h3>\n      \n              <p>In der Ausgabe der Boomkwekerij vom April 2021 erschien ein Artikel \u00fcber das POP3-Projekt \u201eNachhaltiger Anbau, gesunde Produkte\u201c und die Vision von Smeets Agroconsultancy f\u00fcr nachhaltigen Anbau und Bodenverbesserung.\u00a0<a href=\"https:\/\/www.smeetsagroconsultancy.nl\/wp-content\/uploads\/2021\/05\/20210503121748-Breder-kijken-naar-de-bodem.pdf\">\u201eEin breiterer Blick auf den Boden\u201c.<\/a><\/p>\n<p>&nbsp;<\/p>\n<p><img decoding=\"async\" loading=\"lazy\" class=\"alignnone size-medium wp-image-2500\" src=\"https:\/\/smeetsagroconsultancy.nl\/app\/uploads\/2023\/05\/Fotos-sering-Leune-sering--300x225.jpg\" alt=\"\" width=\"300\" height=\"225\" srcset=\"https:\/\/smeetsagroconsultancy.nl\/app\/uploads\/2023\/05\/Fotos-sering-Leune-sering--300x225.jpg 300w, https:\/\/smeetsagroconsultancy.nl\/app\/uploads\/2023\/05\/Fotos-sering-Leune-sering-.jpg 640w\" sizes=\"(max-width: 300px) 100vw, 300px\" \/> <img decoding=\"async\" loading=\"lazy\" class=\"alignnone size-medium wp-image-2498\" src=\"https:\/\/smeetsagroconsultancy.nl\/app\/uploads\/2023\/05\/DSCN2223-Compost-Zeewolde--300x225.jpg\" alt=\"\" width=\"300\" height=\"225\" srcset=\"https:\/\/smeetsagroconsultancy.nl\/app\/uploads\/2023\/05\/DSCN2223-Compost-Zeewolde--300x225.jpg 300w, https:\/\/smeetsagroconsultancy.nl\/app\/uploads\/2023\/05\/DSCN2223-Compost-Zeewolde--1024x768.jpg 1024w, https:\/\/smeetsagroconsultancy.nl\/app\/uploads\/2023\/05\/DSCN2223-Compost-Zeewolde--768x576.jpg 768w, https:\/\/smeetsagroconsultancy.nl\/app\/uploads\/2023\/05\/DSCN2223-Compost-Zeewolde--1536x1152.jpg 1536w, https:\/\/smeetsagroconsultancy.nl\/app\/uploads\/2023\/05\/DSCN2223-Compost-Zeewolde--2048x1536.jpg 2048w\" sizes=\"(max-width: 300px) 100vw, 300px\" \/><\/p>\n\n                    <a href=\"\/app\/uploads\/2023\/04\/20210503121748-Breder-kijken-naar-de-bodem.pdf\" class=\"textmedia-block__link flex my-5\" style=\"justify-content: start\" target=\"_blank\">\n          <button\n            class=\"textmedia-block__button py-3 px-8 rounded-full button_primary\">Download Artikel<\/button>\n        <\/a>\n          <\/div>\n          <div class=\"textmedia-block__imagewrapper flex flex-col lg:basis-1\/2 justify-center py-8 lg:py-0  lg:pr-20 \" style=\"order: 1 \">\n        <a alt=\"Ganzen Artikel lesen\" href=\"\/app\/uploads\/2023\/04\/20210503121748-Breder-kijken-naar-de-bodem.pdf\" target=\"_blank\"><img loading=\"lazy\" width=\"768\" height=\"1024\" src=\"https:\/\/smeetsagroconsultancy.nl\/app\/uploads\/2023\/05\/Detail-foto-wortel-Buxus-Leune-sept.-2015-rotated.jpg\" class=\"textmedia-block__image\" alt=\"wortel\" decoding=\"async\" srcset=\"https:\/\/smeetsagroconsultancy.nl\/app\/uploads\/2023\/05\/Detail-foto-wortel-Buxus-Leune-sept.-2015-rotated.jpg 768w, https:\/\/smeetsagroconsultancy.nl\/app\/uploads\/2023\/05\/Detail-foto-wortel-Buxus-Leune-sept.-2015-225x300.jpg 225w\" sizes=\"(max-width: 768px) 100vw, 768px\" \/><\/a>\n      <\/div>\n      <\/div>\n<\/section>\n<style>\n  .block-69e0723bca539 p {\n    text-align:left;\n  }\n<\/style>\n\n\n<section class=\"diensten-block block-69e0723bcada8\"\n         style=\"background-color: #f7f7f8;\">\n  <div class=\"diensten-block__wrapper container mx-auto py-8 px-8 lg:px-0 lg:py-20 \">\n    <div class=\"diensten-block__wrapper__titles pb-8 lg:pb-0\">\n                  <h3\n          class=\"textmedia-block__subtitle text-center lg:mb-8 \"\n          style=\"font-size: 1.75rem;\">Unsere Leistungen<\/h3>\n          <\/div>\n\n          \n      <div class=\"diensten-block__wrapper__grid grid grid-rows-2 grid-cols-1 lg:grid-cols-2 gap-6\" style=\"\">\n        <style>\n          @media  screen and (min-width: 1280px) {\n            .block-69e0723bcada8 .diensten-block__wrapper__grid {\n              grid-template-columns: repeat(3,minmax(0, 1fr));\n              grid-template-rows: repeat(1,minmax(0, 1fr));\n            }\n          }\n        <\/style>\n\n        \n                    <a href=\"https:\/\/smeetsagroconsultancy.nl\/de\/leistungen\/analyses\/\">\n            <div class=\"diensten-block__wrapper__grid__item border border-grey-600 flex flex-col rounded-3xl h-full\">\n              <div class=\"item-image h-60\">\n                <img decoding=\"async\" srcset=\"\" src=\"\">\n              <\/div>\n              <div class=\"item-content grow flex flex-col justify-between bg-white p-8 rounded-br-3xl rounded-bl-3xl gap-4\">\n                <h4\n                  class=\"item-content__title\">Analyses<\/h4>\n                                    <span class=\"item-content__text\">Smeets Agro Consultancy BV arbeitet mit Trockensubstanzanalysen und Pflanzensaftanalysen.<\/span>\n                                  <span class=\"read-more link\">Mehr lesen<\/span>\n              <\/div>\n            <\/div>\n          <\/a>\n        \n                    <a href=\"https:\/\/smeetsagroconsultancy.nl\/de\/leistungen\/pflanzenschutz-sachkundenachweisen\/\">\n            <div class=\"diensten-block__wrapper__grid__item border border-grey-600 flex flex-col rounded-3xl h-full\">\n              <div class=\"item-image h-60\">\n                <img decoding=\"async\" srcset=\"\" src=\"\">\n              <\/div>\n              <div class=\"item-content grow flex flex-col justify-between bg-white p-8 rounded-br-3xl rounded-bl-3xl gap-4\">\n                <h4\n                  class=\"item-content__title\">Verl\u00e4ngerung von Pflanzenschutz-Sachkundenachweisen<\/h4>\n                                  <span class=\"read-more link\">Mehr lesen<\/span>\n              <\/div>\n            <\/div>\n          <\/a>\n        \n                    <a href=\"https:\/\/smeetsagroconsultancy.nl\/de\/leistungen\/teeltadvies-begeleiding\/\">\n            <div class=\"diensten-block__wrapper__grid__item border border-grey-600 flex flex-col rounded-3xl h-full\">\n              <div class=\"item-image h-60\">\n                <img decoding=\"async\" srcset=\"\" src=\"\">\n              <\/div>\n              <div class=\"item-content grow flex flex-col justify-between bg-white p-8 rounded-br-3xl rounded-bl-3xl gap-4\">\n                <h4\n                  class=\"item-content__title\">Anbauberatung &amp; -begleitung<\/h4>\n                                  <span class=\"read-more link\">Mehr lesen<\/span>\n              <\/div>\n            <\/div>\n          <\/a>\n              <\/div>\n      <\/div>\n<\/section>\n","protected":false},"excerpt":{"rendered":"","protected":false},"author":10,"featured_media":3204,"parent":0,"menu_order":13,"comment_status":"closed","ping_status":"closed","template":"","meta":{"inline_featured_image":false,"footnotes":""},"acf":[],"yoast_head":"<!-- This site is optimized with the Yoast SEO plugin v20.13 - https:\/\/yoast.com\/wordpress\/plugins\/seo\/ -->\n<title>Nachrichten - Smeets Agro Consultancy BV<\/title>\n<meta name=\"description\" content=\"Nachrichten von Smeets Agro Consultancy B.V.\" \/>\n<meta name=\"robots\" content=\"index, follow, max-snippet:-1, max-image-preview:large, max-video-preview:-1\" \/>\n<link rel=\"canonical\" href=\"https:\/\/smeetsagroconsultancy.nl\/in-de-pers\/\" \/>\n<meta property=\"og:locale\" content=\"de_DE\" \/>\n<meta property=\"og:type\" content=\"article\" \/>\n<meta property=\"og:title\" content=\"Nachrichten - Smeets Agro Consultancy BV\" \/>\n<meta property=\"og:description\" content=\"Nachrichten von Smeets Agro Consultancy B.V.\" \/>\n<meta property=\"og:url\" content=\"https:\/\/smeetsagroconsultancy.nl\/in-de-pers\/\" \/>\n<meta property=\"og:site_name\" content=\"Smeets Agro Consultancy BV\" \/>\n<meta property=\"article:modified_time\" content=\"2026-02-03T11:13:23+00:00\" \/>\n<meta property=\"og:image\" content=\"https:\/\/smeetsagroconsultancy.nl\/app\/uploads\/2024\/03\/Smeets-Agro-Consultancy-x-logo-1024x591.png\" \/>\n\t<meta property=\"og:image:width\" content=\"1024\" \/>\n\t<meta property=\"og:image:height\" content=\"591\" \/>\n\t<meta property=\"og:image:type\" content=\"image\/png\" \/>\n<meta name=\"twitter:card\" content=\"summary_large_image\" \/>\n<script type=\"application\/ld+json\" class=\"yoast-schema-graph\">{\"@context\":\"https:\/\/schema.org\",\"@graph\":[{\"@type\":\"WebPage\",\"@id\":\"https:\/\/smeetsagroconsultancy.nl\/in-de-pers\/\",\"url\":\"https:\/\/smeetsagroconsultancy.nl\/in-de-pers\/\",\"name\":\"Nachrichten - Smeets Agro Consultancy BV\",\"isPartOf\":{\"@id\":\"https:\/\/smeetsagroconsultancy.nl\/#website\"},\"datePublished\":\"2023-04-06T14:37:01+00:00\",\"dateModified\":\"2026-02-03T11:13:23+00:00\",\"description\":\"Nachrichten von Smeets Agro Consultancy B.V.\",\"breadcrumb\":{\"@id\":\"https:\/\/smeetsagroconsultancy.nl\/in-de-pers\/#breadcrumb\"},\"inLanguage\":\"de-DE\",\"potentialAction\":[{\"@type\":\"ReadAction\",\"target\":[\"https:\/\/smeetsagroconsultancy.nl\/in-de-pers\/\"]}]},{\"@type\":\"BreadcrumbList\",\"@id\":\"https:\/\/smeetsagroconsultancy.nl\/in-de-pers\/#breadcrumb\",\"itemListElement\":[{\"@type\":\"ListItem\",\"position\":1,\"name\":\"Home\",\"item\":\"https:\/\/smeetsagroconsultancy.nl\/\"},{\"@type\":\"ListItem\",\"position\":2,\"name\":\"Nachrichten\"}]},{\"@type\":\"WebSite\",\"@id\":\"https:\/\/smeetsagroconsultancy.nl\/#website\",\"url\":\"https:\/\/smeetsagroconsultancy.nl\/\",\"name\":\"Smeets Agro Consultancy BV\",\"description\":\"Expert op het gebied van bodemverbetering\",\"publisher\":{\"@id\":\"https:\/\/smeetsagroconsultancy.nl\/#organization\"},\"alternateName\":\"Bodemonderzoek en analyse\",\"potentialAction\":[{\"@type\":\"SearchAction\",\"target\":{\"@type\":\"EntryPoint\",\"urlTemplate\":\"https:\/\/smeetsagroconsultancy.nl\/?s={search_term_string}\"},\"query-input\":\"required name=search_term_string\"}],\"inLanguage\":\"de-DE\"},{\"@type\":\"Organization\",\"@id\":\"https:\/\/smeetsagroconsultancy.nl\/#organization\",\"name\":\"Smeets Agro Consultancy BV\",\"url\":\"https:\/\/smeetsagroconsultancy.nl\/\",\"logo\":{\"@type\":\"ImageObject\",\"inLanguage\":\"de-DE\",\"@id\":\"https:\/\/smeetsagroconsultancy.nl\/#\/schema\/logo\/image\/\",\"url\":\"https:\/\/smeetsagroconsultancy.nl\/app\/uploads\/2023\/04\/L_SmeetsAgroC_rgb.png\",\"contentUrl\":\"https:\/\/smeetsagroconsultancy.nl\/app\/uploads\/2023\/04\/L_SmeetsAgroC_rgb.png\",\"width\":719,\"height\":279,\"caption\":\"Smeets Agro Consultancy BV\"},\"image\":{\"@id\":\"https:\/\/smeetsagroconsultancy.nl\/#\/schema\/logo\/image\/\"}}]}<\/script>\n<!-- \/ Yoast SEO plugin. -->","yoast_head_json":{"title":"Nachrichten - Smeets Agro Consultancy BV","description":"Nachrichten von Smeets Agro Consultancy B.V.","robots":{"index":"index","follow":"follow","max-snippet":"max-snippet:-1","max-image-preview":"max-image-preview:large","max-video-preview":"max-video-preview:-1"},"canonical":"https:\/\/smeetsagroconsultancy.nl\/in-de-pers\/","og_locale":"de_DE","og_type":"article","og_title":"Nachrichten - Smeets Agro Consultancy BV","og_description":"Nachrichten von Smeets Agro Consultancy B.V.","og_url":"https:\/\/smeetsagroconsultancy.nl\/in-de-pers\/","og_site_name":"Smeets Agro Consultancy BV","article_modified_time":"2026-02-03T11:13:23+00:00","og_image":[{"width":1024,"height":591,"url":"https:\/\/smeetsagroconsultancy.nl\/app\/uploads\/2024\/03\/Smeets-Agro-Consultancy-x-logo-1024x591.png","type":"image\/png"}],"twitter_card":"summary_large_image","schema":{"@context":"https:\/\/schema.org","@graph":[{"@type":"WebPage","@id":"https:\/\/smeetsagroconsultancy.nl\/in-de-pers\/","url":"https:\/\/smeetsagroconsultancy.nl\/in-de-pers\/","name":"Nachrichten - Smeets Agro Consultancy BV","isPartOf":{"@id":"https:\/\/smeetsagroconsultancy.nl\/#website"},"datePublished":"2023-04-06T14:37:01+00:00","dateModified":"2026-02-03T11:13:23+00:00","description":"Nachrichten von Smeets Agro Consultancy B.V.","breadcrumb":{"@id":"https:\/\/smeetsagroconsultancy.nl\/in-de-pers\/#breadcrumb"},"inLanguage":"de-DE","potentialAction":[{"@type":"ReadAction","target":["https:\/\/smeetsagroconsultancy.nl\/in-de-pers\/"]}]},{"@type":"BreadcrumbList","@id":"https:\/\/smeetsagroconsultancy.nl\/in-de-pers\/#breadcrumb","itemListElement":[{"@type":"ListItem","position":1,"name":"Home","item":"https:\/\/smeetsagroconsultancy.nl\/"},{"@type":"ListItem","position":2,"name":"Nachrichten"}]},{"@type":"WebSite","@id":"https:\/\/smeetsagroconsultancy.nl\/#website","url":"https:\/\/smeetsagroconsultancy.nl\/","name":"Smeets Agro Consultancy BV","description":"Expert op het gebied van bodemverbetering","publisher":{"@id":"https:\/\/smeetsagroconsultancy.nl\/#organization"},"alternateName":"Bodemonderzoek en analyse","potentialAction":[{"@type":"SearchAction","target":{"@type":"EntryPoint","urlTemplate":"https:\/\/smeetsagroconsultancy.nl\/?s={search_term_string}"},"query-input":"required name=search_term_string"}],"inLanguage":"de-DE"},{"@type":"Organization","@id":"https:\/\/smeetsagroconsultancy.nl\/#organization","name":"Smeets Agro Consultancy BV","url":"https:\/\/smeetsagroconsultancy.nl\/","logo":{"@type":"ImageObject","inLanguage":"de-DE","@id":"https:\/\/smeetsagroconsultancy.nl\/#\/schema\/logo\/image\/","url":"https:\/\/smeetsagroconsultancy.nl\/app\/uploads\/2023\/04\/L_SmeetsAgroC_rgb.png","contentUrl":"https:\/\/smeetsagroconsultancy.nl\/app\/uploads\/2023\/04\/L_SmeetsAgroC_rgb.png","width":719,"height":279,"caption":"Smeets Agro Consultancy BV"},"image":{"@id":"https:\/\/smeetsagroconsultancy.nl\/#\/schema\/logo\/image\/"}}]}},"_links":{"self":[{"href":"https:\/\/smeetsagroconsultancy.nl\/de\/wp-json\/wp\/v2\/pages\/2559"}],"collection":[{"href":"https:\/\/smeetsagroconsultancy.nl\/de\/wp-json\/wp\/v2\/pages"}],"about":[{"href":"https:\/\/smeetsagroconsultancy.nl\/de\/wp-json\/wp\/v2\/types\/page"}],"author":[{"embeddable":true,"href":"https:\/\/smeetsagroconsultancy.nl\/de\/wp-json\/wp\/v2\/users\/10"}],"replies":[{"embeddable":true,"href":"https:\/\/smeetsagroconsultancy.nl\/de\/wp-json\/wp\/v2\/comments?post=2559"}],"version-history":[{"count":17,"href":"https:\/\/smeetsagroconsultancy.nl\/de\/wp-json\/wp\/v2\/pages\/2559\/revisions"}],"predecessor-version":[{"id":3005,"href":"https:\/\/smeetsagroconsultancy.nl\/de\/wp-json\/wp\/v2\/pages\/2559\/revisions\/3005"}],"wp:featuredmedia":[{"embeddable":true,"href":"https:\/\/smeetsagroconsultancy.nl\/de\/wp-json\/wp\/v2\/media\/3204"}],"wp:attachment":[{"href":"https:\/\/smeetsagroconsultancy.nl\/de\/wp-json\/wp\/v2\/media?parent=2559"}],"curies":[{"name":"wp","href":"https:\/\/api.w.org\/{rel}","templated":true}]}}