{"id":2665,"date":"2023-08-03T10:30:22","date_gmt":"2023-08-03T10:30:22","guid":{"rendered":"https:\/\/smeetsagroconsultancy.nl\/?page_id=2665"},"modified":"2026-02-03T11:13:23","modified_gmt":"2026-02-03T11:13:23","slug":"dokumentation","status":"publish","type":"page","link":"https:\/\/smeetsagroconsultancy.nl\/de\/dokumentation\/","title":{"rendered":"Dokumentation"},"content":{"rendered":"<section class=\"banner px-4 lg:px-0\"\n         style=\"background-image: linear-gradient(rgba(22, 27, 39, 0.4), rgba(22, 27, 39, 0.4)), url(https:\/\/smeetsagroconsultancy.nl\/app\/uploads\/2023\/04\/pexels-greta-hoffman-7728884.jpg); background-position:center; background-size:cover;\">\n  <div class=\"container px-4 mx-auto flex flex-wrap h-full\">\n    <div class=\"banner__textwrapper text-left flex flex-col justify-center w-full py-8 md:py-28 max-h-full\">\n              <h1 class=\"banner__title text-center xl:text\" style=\"font-size: 4rem;\">Dokumentation<\/h1>\n                      <\/div>\n  <\/div>\n<\/section>\n\n\n<style>\n  \n\n@media  screen and (min-width: 768px) {\n  .banner {\n    min-height:35vh;\n    display: flex;\n    align-items: center;\n  }\n    .banner__title,\n    .banner__subtitle {\n      text-align: center;\n    }\n\n    .banner__link {\n      justify-content: center;\n    }\n\n    .banner__textwrapper {\n      flex-basis: 100%;\n    }\n  }\n\n  @media  screen and (max-width: 1023px) {\n  \/*  .banner__title {\n      font-size: vmax!important;\n    }*\/\n    .banner {\n      height: fit-content;\n    }\n  }\n\n  @media  screen and (max-width: 575px) {\n    .banner__title {\n      font-size: 3vmax!important;\n    }\n  }\n<\/style>\n\n\n<section class=\"textmedia-block block-69ddfc3e19334 mx-auto\"\n         style=\"background-color: #ffffff;\">\n  <div class=\"full-width-container container mx-auto flex flex-wrap lg:flex-nowrap py-8 lg:py-20 h-full px-8  gap-x-16 \">\n    <div class=\"textmedia-block__textwrapper text-left list-disc flex flex-col  lg:basis-1\/2  justify-center w-full\" style=\"order:2\">\n\n              <h2 class=\"textmedia-block__title\"\n            style=\"text-align: left;font-size: 1rem;\">Grundlage f\u00fcr die Bodenfruchtbarkeit<\/h2>\n                    <h3 class=\"textmedia-block__subtitle mb-5 mt-2\"\n            style=\"text-align: left;font-size: 1.75rem;\">Aktives Bodenleben<\/h3>\n      \n              <p>Ein aktives Bodenleben ist wichtig f\u00fcr eine gute Bodenfruchtbarkeit und die Widerstandsf\u00e4higkeit der Nutzpflanzen. Smeets Agro Consultancy f\u00fchrt Analysen durch, um Erkenntnisse \u00fcber den mikrobiellen Status des Bodenlebens zu gewinnen. Mit den Forschungsergebnissen k\u00f6nnen Sie die richtigen Ma\u00dfnahmen ergreifen, um das \u00d6kosystem Boden intakt zu halten oder zu verbessern.<\/p>\n\n                    <a href=\"\/app\/uploads\/2023\/09\/Flyer-Bodemanalyse_0723_GER-sept-2023.pdf\" class=\"textmedia-block__link flex my-5\" style=\"justify-content: start\" target=\"_blank\">\n          <button\n            class=\"textmedia-block__button py-3 px-8 rounded-full button_primary\">Downloaden Sie das gesamte Dokument<\/button>\n        <\/a>\n          <\/div>\n          <div class=\"textmedia-block__imagewrapper flex flex-col lg:basis-1\/2 justify-center py-8 lg:py-0  lg:pr-20 \" style=\"order: 1 \">\n        <a alt=\"Lesen Sie das gesamte Dokument\" href=\"\/app\/uploads\/2023\/09\/Flyer-Bodemanalyse_0723_GER-sept-2023.pdf\" target=\"_blank\"><img loading=\"lazy\" width=\"1024\" height=\"735\" src=\"https:\/\/smeetsagroconsultancy.nl\/app\/uploads\/2023\/09\/Smeets-Agro-DE.jpg\" class=\"textmedia-block__image\" alt=\"\" decoding=\"async\" srcset=\"https:\/\/smeetsagroconsultancy.nl\/app\/uploads\/2023\/09\/Smeets-Agro-DE.jpg 1024w, https:\/\/smeetsagroconsultancy.nl\/app\/uploads\/2023\/09\/Smeets-Agro-DE-300x215.jpg 300w, https:\/\/smeetsagroconsultancy.nl\/app\/uploads\/2023\/09\/Smeets-Agro-DE-768x551.jpg 768w\" sizes=\"(max-width: 1024px) 100vw, 1024px\" \/><\/a>\n      <\/div>\n      <\/div>\n<\/section>\n<style>\n  .block-69ddfc3e19334 p {\n    text-align:left;\n  }\n<\/style>\n\n\n<section class=\"diensten-block block-69ddfc3e19c5c\"\n         style=\"background-color: #f7f7f8;\">\n  <div class=\"diensten-block__wrapper container mx-auto py-8 px-8 lg:px-0 lg:py-20 \">\n    <div class=\"diensten-block__wrapper__titles pb-8 lg:pb-0\">\n          <h2\n        class=\"textmedia-block__title text-center lg:pb-2\"\n        style=\"font-size: 1rem;\">Onze diensten<\/h2>\n                  <h3\n          class=\"textmedia-block__subtitle text-center lg:mb-8 \"\n          style=\"font-size: 1.75rem;\">Waarmee kunnen wij u helpen?<\/h3>\n          <\/div>\n\n          \n      <div class=\"diensten-block__wrapper__grid grid grid-rows-2 grid-cols-1 lg:grid-cols-2 gap-6\" style=\"\">\n        <style>\n          @media  screen and (min-width: 1280px) {\n            .block-69ddfc3e19c5c .diensten-block__wrapper__grid {\n              grid-template-columns: repeat(3,minmax(0, 1fr));\n              grid-template-rows: repeat(1,minmax(0, 1fr));\n            }\n          }\n        <\/style>\n\n        \n                    <a href=\"https:\/\/smeetsagroconsultancy.nl\/de\/leistungen\/analysen\/\">\n            <div class=\"diensten-block__wrapper__grid__item border border-grey-600 flex flex-col rounded-3xl h-full\">\n              <div class=\"item-image h-60\">\n                <img decoding=\"async\" srcset=\"https:\/\/smeetsagroconsultancy.nl\/app\/uploads\/2022\/04\/pexels-kelly-2453551-300x169.jpg 300w, https:\/\/smeetsagroconsultancy.nl\/app\/uploads\/2022\/04\/pexels-kelly-2453551-1024x576.jpg 1024w, https:\/\/smeetsagroconsultancy.nl\/app\/uploads\/2022\/04\/pexels-kelly-2453551-768x432.jpg 768w, https:\/\/smeetsagroconsultancy.nl\/app\/uploads\/2022\/04\/pexels-kelly-2453551.jpg 1280w\" src=\"https:\/\/smeetsagroconsultancy.nl\/app\/uploads\/2022\/04\/pexels-kelly-2453551-300x169.jpg\">\n              <\/div>\n              <div class=\"item-content grow flex flex-col justify-between bg-white p-8 rounded-br-3xl rounded-bl-3xl gap-4\">\n                <h4\n                  class=\"item-content__title\">Analysen<\/h4>\n                                    <span class=\"item-content__text\">Ein Mangel oder \u00dcberschuss an einem oder mehreren Elementen hat oft erhebliche Auswirkungen auf das Wachstum und die Entwicklung der&hellip;<\/span>\n                                  <span class=\"read-more link\">Mehr lesen<\/span>\n              <\/div>\n            <\/div>\n          <\/a>\n        \n                    <a href=\"https:\/\/smeetsagroconsultancy.nl\/de\/leistungen\/pflanzenschutz-sachkundenachweisen\/\">\n            <div class=\"diensten-block__wrapper__grid__item border border-grey-600 flex flex-col rounded-3xl h-full\">\n              <div class=\"item-image h-60\">\n                <img decoding=\"async\" srcset=\"https:\/\/smeetsagroconsultancy.nl\/app\/uploads\/2022\/04\/pexels-airin-party-767240-300x200.jpg 300w, https:\/\/smeetsagroconsultancy.nl\/app\/uploads\/2022\/04\/pexels-airin-party-767240-1024x682.jpg 1024w, https:\/\/smeetsagroconsultancy.nl\/app\/uploads\/2022\/04\/pexels-airin-party-767240-768x512.jpg 768w, https:\/\/smeetsagroconsultancy.nl\/app\/uploads\/2022\/04\/pexels-airin-party-767240.jpg 1280w\" src=\"https:\/\/smeetsagroconsultancy.nl\/app\/uploads\/2022\/04\/pexels-airin-party-767240-300x200.jpg\">\n              <\/div>\n              <div class=\"item-content grow flex flex-col justify-between bg-white p-8 rounded-br-3xl rounded-bl-3xl gap-4\">\n                <h4\n                  class=\"item-content__title\">Verl\u00e4ngerung von Pflanzenschutz-Sachkundenachweisen<\/h4>\n                                    <span class=\"item-content__text\">Smeets Agroconsultancy BV hat die Zulassung f\u00fcr die Ausstellung von Pflanzenschutz-Sachkundenachweisen. Zielgruppen, f\u00fcr die diese Veranstaltungen organisiert werden, sind: Baumz\u00fcchter,&hellip;<\/span>\n                                  <span class=\"read-more link\">Mehr lesen<\/span>\n              <\/div>\n            <\/div>\n          <\/a>\n        \n                    <a href=\"https:\/\/smeetsagroconsultancy.nl\/de\/leistungen\/anbauberatung-und-begleitung\/\">\n            <div class=\"diensten-block__wrapper__grid__item border border-grey-600 flex flex-col rounded-3xl h-full\">\n              <div class=\"item-image h-60\">\n                <img decoding=\"async\" srcset=\"https:\/\/smeetsagroconsultancy.nl\/app\/uploads\/2022\/04\/pexels-bence-szemerey-15203364-300x200.jpg 300w, https:\/\/smeetsagroconsultancy.nl\/app\/uploads\/2022\/04\/pexels-bence-szemerey-15203364-1024x682.jpg 1024w, https:\/\/smeetsagroconsultancy.nl\/app\/uploads\/2022\/04\/pexels-bence-szemerey-15203364-768x512.jpg 768w, https:\/\/smeetsagroconsultancy.nl\/app\/uploads\/2022\/04\/pexels-bence-szemerey-15203364.jpg 1280w\" src=\"https:\/\/smeetsagroconsultancy.nl\/app\/uploads\/2022\/04\/pexels-bence-szemerey-15203364-300x200.jpg\">\n              <\/div>\n              <div class=\"item-content grow flex flex-col justify-between bg-white p-8 rounded-br-3xl rounded-bl-3xl gap-4\">\n                <h4\n                  class=\"item-content__title\">Anbauberatung &amp; -begleitung<\/h4>\n                                    <span class=\"item-content__text\">Ich st\u00fctze mich bei der Anbauberatung oft auf die Boden- und Blattproben, die ich f\u00fcr meine Kunden nehme. Messen ist&hellip;<\/span>\n                                  <span class=\"read-more link\">Mehr lesen<\/span>\n              <\/div>\n            <\/div>\n          <\/a>\n              <\/div>\n      <\/div>\n<\/section>\n","protected":false},"excerpt":{"rendered":"","protected":false},"author":10,"featured_media":0,"parent":0,"menu_order":10,"comment_status":"closed","ping_status":"closed","template":"","meta":{"inline_featured_image":false,"footnotes":""},"acf":[],"yoast_head":"<!-- This site is optimized with the Yoast SEO plugin v20.13 - https:\/\/yoast.com\/wordpress\/plugins\/seo\/ -->\n<title>Dokumentation - Smeets Agro Consultancy BV<\/title>\n<meta name=\"robots\" content=\"index, follow, max-snippet:-1, max-image-preview:large, max-video-preview:-1\" \/>\n<link rel=\"canonical\" href=\"https:\/\/smeetsagroconsultancy.nl\/documentatie\/\" \/>\n<meta property=\"og:locale\" content=\"de_DE\" \/>\n<meta property=\"og:type\" content=\"article\" \/>\n<meta property=\"og:title\" content=\"Dokumentation - Smeets Agro Consultancy BV\" \/>\n<meta property=\"og:url\" content=\"https:\/\/smeetsagroconsultancy.nl\/documentatie\/\" \/>\n<meta property=\"og:site_name\" content=\"Smeets Agro Consultancy BV\" \/>\n<meta property=\"article:modified_time\" content=\"2026-02-03T11:13:23+00:00\" \/>\n<meta property=\"og:image\" content=\"https:\/\/dorenbosverhuizingen.nl\/app\/uploads\/2022\/03\/poes_verhuisdoos-scaled-e1647444213105.jpg\" \/>\n<meta name=\"twitter:card\" content=\"summary_large_image\" \/>\n<meta name=\"twitter:image\" content=\"https:\/\/dorenbosverhuizingen.nl\/app\/uploads\/2022\/03\/poes_verhuisdoos-scaled-e1647444213105.jpg\" \/>\n<script type=\"application\/ld+json\" class=\"yoast-schema-graph\">{\"@context\":\"https:\/\/schema.org\",\"@graph\":[{\"@type\":\"WebPage\",\"@id\":\"https:\/\/smeetsagroconsultancy.nl\/documentatie\/\",\"url\":\"https:\/\/smeetsagroconsultancy.nl\/documentatie\/\",\"name\":\"Dokumentation - Smeets Agro Consultancy BV\",\"isPartOf\":{\"@id\":\"https:\/\/smeetsagroconsultancy.nl\/#website\"},\"datePublished\":\"2023-08-03T10:30:22+00:00\",\"dateModified\":\"2026-02-03T11:13:23+00:00\",\"breadcrumb\":{\"@id\":\"https:\/\/smeetsagroconsultancy.nl\/documentatie\/#breadcrumb\"},\"inLanguage\":\"de-DE\",\"potentialAction\":[{\"@type\":\"ReadAction\",\"target\":[\"https:\/\/smeetsagroconsultancy.nl\/documentatie\/\"]}]},{\"@type\":\"BreadcrumbList\",\"@id\":\"https:\/\/smeetsagroconsultancy.nl\/documentatie\/#breadcrumb\",\"itemListElement\":[{\"@type\":\"ListItem\",\"position\":1,\"name\":\"Home\",\"item\":\"https:\/\/smeetsagroconsultancy.nl\/\"},{\"@type\":\"ListItem\",\"position\":2,\"name\":\"Dokumentation\"}]},{\"@type\":\"WebSite\",\"@id\":\"https:\/\/smeetsagroconsultancy.nl\/#website\",\"url\":\"https:\/\/smeetsagroconsultancy.nl\/\",\"name\":\"Smeets Agro Consultancy BV\",\"description\":\"Expert op het gebied van bodemverbetering\",\"publisher\":{\"@id\":\"https:\/\/smeetsagroconsultancy.nl\/#organization\"},\"alternateName\":\"Bodemonderzoek en analyse\",\"potentialAction\":[{\"@type\":\"SearchAction\",\"target\":{\"@type\":\"EntryPoint\",\"urlTemplate\":\"https:\/\/smeetsagroconsultancy.nl\/?s={search_term_string}\"},\"query-input\":\"required name=search_term_string\"}],\"inLanguage\":\"de-DE\"},{\"@type\":\"Organization\",\"@id\":\"https:\/\/smeetsagroconsultancy.nl\/#organization\",\"name\":\"Smeets Agro Consultancy BV\",\"url\":\"https:\/\/smeetsagroconsultancy.nl\/\",\"logo\":{\"@type\":\"ImageObject\",\"inLanguage\":\"de-DE\",\"@id\":\"https:\/\/smeetsagroconsultancy.nl\/#\/schema\/logo\/image\/\",\"url\":\"https:\/\/smeetsagroconsultancy.nl\/app\/uploads\/2023\/04\/L_SmeetsAgroC_rgb.png\",\"contentUrl\":\"https:\/\/smeetsagroconsultancy.nl\/app\/uploads\/2023\/04\/L_SmeetsAgroC_rgb.png\",\"width\":719,\"height\":279,\"caption\":\"Smeets Agro Consultancy BV\"},\"image\":{\"@id\":\"https:\/\/smeetsagroconsultancy.nl\/#\/schema\/logo\/image\/\"}}]}<\/script>\n<!-- \/ Yoast SEO plugin. -->","yoast_head_json":{"title":"Dokumentation - Smeets Agro Consultancy BV","robots":{"index":"index","follow":"follow","max-snippet":"max-snippet:-1","max-image-preview":"max-image-preview:large","max-video-preview":"max-video-preview:-1"},"canonical":"https:\/\/smeetsagroconsultancy.nl\/documentatie\/","og_locale":"de_DE","og_type":"article","og_title":"Dokumentation - Smeets Agro Consultancy BV","og_url":"https:\/\/smeetsagroconsultancy.nl\/documentatie\/","og_site_name":"Smeets Agro Consultancy BV","article_modified_time":"2026-02-03T11:13:23+00:00","og_image":[{"url":"https:\/\/dorenbosverhuizingen.nl\/app\/uploads\/2022\/03\/poes_verhuisdoos-scaled-e1647444213105.jpg"}],"twitter_card":"summary_large_image","twitter_image":"https:\/\/dorenbosverhuizingen.nl\/app\/uploads\/2022\/03\/poes_verhuisdoos-scaled-e1647444213105.jpg","schema":{"@context":"https:\/\/schema.org","@graph":[{"@type":"WebPage","@id":"https:\/\/smeetsagroconsultancy.nl\/documentatie\/","url":"https:\/\/smeetsagroconsultancy.nl\/documentatie\/","name":"Dokumentation - Smeets Agro Consultancy BV","isPartOf":{"@id":"https:\/\/smeetsagroconsultancy.nl\/#website"},"datePublished":"2023-08-03T10:30:22+00:00","dateModified":"2026-02-03T11:13:23+00:00","breadcrumb":{"@id":"https:\/\/smeetsagroconsultancy.nl\/documentatie\/#breadcrumb"},"inLanguage":"de-DE","potentialAction":[{"@type":"ReadAction","target":["https:\/\/smeetsagroconsultancy.nl\/documentatie\/"]}]},{"@type":"BreadcrumbList","@id":"https:\/\/smeetsagroconsultancy.nl\/documentatie\/#breadcrumb","itemListElement":[{"@type":"ListItem","position":1,"name":"Home","item":"https:\/\/smeetsagroconsultancy.nl\/"},{"@type":"ListItem","position":2,"name":"Dokumentation"}]},{"@type":"WebSite","@id":"https:\/\/smeetsagroconsultancy.nl\/#website","url":"https:\/\/smeetsagroconsultancy.nl\/","name":"Smeets Agro Consultancy BV","description":"Expert op het gebied van bodemverbetering","publisher":{"@id":"https:\/\/smeetsagroconsultancy.nl\/#organization"},"alternateName":"Bodemonderzoek en analyse","potentialAction":[{"@type":"SearchAction","target":{"@type":"EntryPoint","urlTemplate":"https:\/\/smeetsagroconsultancy.nl\/?s={search_term_string}"},"query-input":"required name=search_term_string"}],"inLanguage":"de-DE"},{"@type":"Organization","@id":"https:\/\/smeetsagroconsultancy.nl\/#organization","name":"Smeets Agro Consultancy BV","url":"https:\/\/smeetsagroconsultancy.nl\/","logo":{"@type":"ImageObject","inLanguage":"de-DE","@id":"https:\/\/smeetsagroconsultancy.nl\/#\/schema\/logo\/image\/","url":"https:\/\/smeetsagroconsultancy.nl\/app\/uploads\/2023\/04\/L_SmeetsAgroC_rgb.png","contentUrl":"https:\/\/smeetsagroconsultancy.nl\/app\/uploads\/2023\/04\/L_SmeetsAgroC_rgb.png","width":719,"height":279,"caption":"Smeets Agro Consultancy BV"},"image":{"@id":"https:\/\/smeetsagroconsultancy.nl\/#\/schema\/logo\/image\/"}}]}},"_links":{"self":[{"href":"https:\/\/smeetsagroconsultancy.nl\/de\/wp-json\/wp\/v2\/pages\/2665"}],"collection":[{"href":"https:\/\/smeetsagroconsultancy.nl\/de\/wp-json\/wp\/v2\/pages"}],"about":[{"href":"https:\/\/smeetsagroconsultancy.nl\/de\/wp-json\/wp\/v2\/types\/page"}],"author":[{"embeddable":true,"href":"https:\/\/smeetsagroconsultancy.nl\/de\/wp-json\/wp\/v2\/users\/10"}],"replies":[{"embeddable":true,"href":"https:\/\/smeetsagroconsultancy.nl\/de\/wp-json\/wp\/v2\/comments?post=2665"}],"version-history":[{"count":12,"href":"https:\/\/smeetsagroconsultancy.nl\/de\/wp-json\/wp\/v2\/pages\/2665\/revisions"}],"predecessor-version":[{"id":2982,"href":"https:\/\/smeetsagroconsultancy.nl\/de\/wp-json\/wp\/v2\/pages\/2665\/revisions\/2982"}],"wp:attachment":[{"href":"https:\/\/smeetsagroconsultancy.nl\/de\/wp-json\/wp\/v2\/media?parent=2665"}],"curies":[{"name":"wp","href":"https:\/\/api.w.org\/{rel}","templated":true}]}}